{"id":2472,"date":"2024-06-14T16:35:29","date_gmt":"2024-06-14T16:35:29","guid":{"rendered":"https:\/\/onpacehospitality.com\/cookies-policy"},"modified":"2024-07-18T12:33:08","modified_gmt":"2024-07-18T12:33:08","slug":"cookies-policy","status":"publish","type":"page","link":"https:\/\/onpacehospitality.com\/ca\/cookies-policy","title":{"rendered":"Pol\u00edtica de cookies"},"content":{"rendered":"<div class=\"gb-container gb-container-ebcc3614\">\n<div class=\"gb-container gb-container-6c048740\">\n<div class=\"gb-container gb-container-cba47ebe\">\n<div class=\"gb-container gb-container-7603a9ec\">\n\n<h2 class=\"gb-headline gb-headline-8c3236cc gb-headline-text\"><em>Pol\u00edtica de cookies<\/em><\/h2>\n\n<\/div>\n<\/div>\n<\/div>\n<\/div>\n\n\n<div class=\"wp-block-group\"><div class=\"wp-block-group__inner-container is-layout-constrained wp-block-group-is-layout-constrained\">\n<p>En compliment del que es disposa en l&#8217;article 22.2 de la Llei 34\/2002, d&#8217;11 de juliol, de Serveis de la Societat de la Informaci\u00f3 i Comer\u00e7 Electr\u00f2nic, el Titular l&#8217;informa que aquest lloc web utilitza cookies, aix\u00ed com de la seva pol\u00edtica de recollida i el tractament que fa d&#8217;aquestes.<\/p>\n\n\n\n<p><strong>QU\u00c8 S\u00d3N LES COOKIES<\/strong><\/p>\n\n\n\n<p>Una cookie \u00e9s un fitxer que es descarrega al seu ordinador en accedir a determinades p\u00e0gines web. Les cookies permeten a una p\u00e0gina web, entre altres coses, emmagatzemar i recuperar informaci\u00f3 sobre els seus h\u00e0bits de navegaci\u00f3 i, depenent de la informaci\u00f3 que continguin i de la forma en qu\u00e8 utilitzi el seu equip, poden utilitzar-se per a identificar a l&#8217;usuari.<\/p>\n\n\n\n<p><strong>TIPUS DE COOKIES QUE S&#8217;UTILITZEN<\/strong><\/p>\n\n\n\n<p>La p\u00e0gina https:\/\/www.onpacehospitality.com\/ usa els seg\u00fcents tipus de cookies:<\/p>\n\n\n\n<p>Cookies d&#8217;an\u00e0lisis: S\u00f3n aquelles que ben tractades pel lloc web o per tercers, permeten quantificar el nombre d&#8217;usuaris i aix\u00ed realitzar el mesurament i an\u00e0lisi estad\u00edstica de la utilitzaci\u00f3 que fan els usuaris del lloc web. Per a aix\u00f2 s&#8217;analitza la seva navegaci\u00f3 en aquesta p\u00e0gina web amb la finalitat de millorar-la.<br>Cookies t\u00e8cniques: S\u00f3n aquelles que, tractades pel Lloc web, permeten a l&#8217;usuari registrat la navegaci\u00f3 a trav\u00e9s de l&#8217;\u00e0rea restringida i la utilitzaci\u00f3 de les seves diferents funcions com, per exemple, realitzar el proc\u00e9s de compra d&#8217;un Producte o Servei. Algunes cookies s\u00f3n essencials per al funcionament del lloc web, per exemple, el sistema de comentaris o el motor de cerca.<br>Cookies de personalitzaci\u00f3: S\u00f3n aquelles que permeten a l&#8217;usuari accedir al Servei amb algunes caracter\u00edstiques de car\u00e0cter general predefinides en funci\u00f3 d&#8217;una s\u00e8rie de criteris enunciats pel propi usuari com, per exemple, l&#8217;idioma o el tipus de navegador a trav\u00e9s del qual es connecta a aquesta Web.<\/p>\n\n\n\n<p><br><strong>DESHABILITAR LES COOKIES<\/strong><\/p>\n\n\n\n<p>Vost\u00e8 pot acceptar, bloquejar o eliminar les cookies instal\u00b7lades en el seu equip mitjan\u00e7ant la configuraci\u00f3 de les opcions del seu navegador. En els seg\u00fcents enlla\u00e7os trobar\u00e0 instruccions per a activar o desactivar les cookies en els navegadors m\u00e9s comuns.<\/p>\n\n\n\n<ul class=\"wp-block-list\">\n<li>Firefox http:\/\/support.mozilla.org\/es\/kb\/habilitar-y-deshabilitar-cookies-que-los-sitios-we<\/li>\n\n\n\n<li>Safari http:\/\/support.apple.com\/kb\/ht1677?viewlocale=es_es<\/li>\n\n\n\n<li>Google Chrome https:\/\/support.google.com\/chrome\/answer\/95647?hl=es<br><\/li>\n<\/ul>\n\n\n\n<p><strong>COOKIES DE TERCERS<\/strong><\/p>\n\n\n\n<p>El lloc web utilitza els serveis de \u00abGoogle *Analytics\u00bb que pot instal\u00b7lar cookies que s&#8217;utilitzen per a obtenir dades estad\u00edstiques i publicit\u00e0ries.<\/p>\n\n\n\n<p><strong>AV\u00cdS SOBRE L&#8217;ELIMINACI\u00d3 DE COOKIES<\/strong><\/p>\n\n\n\n<p>Pot eliminar i bloquejar les cookies d&#8217;aquest lloc web, per\u00f2 algunes parts del lloc no funcionaran correctament o la seva qualitat pot veure&#8217;s afectada.<\/p>\n\n\n\n<p><strong>CONTACTE<\/strong><\/p>\n\n\n\n<p>Si t\u00e9 alguna pregunta sobre aquesta Pol\u00edtica de Cookies o desitja fer algun comentari sobre aquest lloc web, pot enviar un correu electr\u00f2nic a contact@onpacehospitality.com<\/p>\n<\/div><\/div>\n\n\n<div class=\"gb-container gb-container-2dab54b4\"><\/div>","protected":false},"excerpt":{"rendered":"<p>Pol\u00edtica de cookies En compliment del que es disposa en l&#8217;article 22.2 de la Llei 34\/2002, d&#8217;11 de juliol, de Serveis de la Societat de la Informaci\u00f3 i Comer\u00e7 Electr\u00f2nic, el Titular l&#8217;informa que aquest lloc web utilitza cookies, aix\u00ed com de la seva pol\u00edtica de recollida i el tractament que fa d&#8217;aquestes. QU\u00c8 S\u00d3N &#8230; <a title=\"Pol\u00edtica de cookies\" class=\"read-more\" href=\"https:\/\/onpacehospitality.com\/ca\/cookies-policy\" aria-label=\"M\u00e9s informaci\u00f3 sobre Pol\u00edtica de cookies\">Read more<\/a><\/p>\n","protected":false},"author":1,"featured_media":0,"parent":0,"menu_order":0,"comment_status":"closed","ping_status":"closed","template":"","meta":{"footnotes":""},"class_list":["post-2472","page","type-page","status-publish"],"yoast_head":"<!-- This site is optimized with the Yoast SEO plugin v27.4 - https:\/\/yoast.com\/product\/yoast-seo-wordpress\/ -->\n<title>Pol\u00edtica de cookies - OnPace Hospitality<\/title>\n<meta name=\"robots\" content=\"noindex, nofollow\" \/>\n<meta property=\"og:locale\" content=\"ca_ES\" \/>\n<meta property=\"og:type\" content=\"article\" \/>\n<meta property=\"og:title\" content=\"Pol\u00edtica de cookies - OnPace Hospitality\" \/>\n<meta property=\"og:description\" content=\"Pol\u00edtica de cookies En compliment del que es disposa en l&#8217;article 22.2 de la Llei 34\/2002, d&#8217;11 de juliol, de Serveis de la Societat de la Informaci\u00f3 i Comer\u00e7 Electr\u00f2nic, el Titular l&#8217;informa que aquest lloc web utilitza cookies, aix\u00ed com de la seva pol\u00edtica de recollida i el tractament que fa d&#8217;aquestes. QU\u00c8 S\u00d3N ... Read more\" \/>\n<meta property=\"og:url\" content=\"https:\/\/onpacehospitality.com\/ca\/cookies-policy\" \/>\n<meta property=\"og:site_name\" content=\"OnPace Hospitality\" \/>\n<meta property=\"article:modified_time\" content=\"2024-07-18T12:33:08+00:00\" \/>\n<meta property=\"og:image\" content=\"https:\/\/onpacehospitality.com\/wp-content\/uploads\/2024\/05\/pexels-axp-photography-500641970-16428960-scaled.jpg\" \/>\n\t<meta property=\"og:image:width\" content=\"1707\" \/>\n\t<meta property=\"og:image:height\" content=\"2560\" \/>\n\t<meta property=\"og:image:type\" content=\"image\/jpeg\" \/>\n<meta name=\"twitter:card\" content=\"summary_large_image\" \/>\n<meta name=\"twitter:label1\" content=\"Temps estimat de lectura\" \/>\n\t<meta name=\"twitter:data1\" content=\"2 minuts\" \/>\n<script type=\"application\/ld+json\" class=\"yoast-schema-graph\">{\"@context\":\"https:\\\/\\\/schema.org\",\"@graph\":[{\"@type\":\"WebPage\",\"@id\":\"https:\\\/\\\/onpacehospitality.com\\\/ca\\\/cookies-policy\",\"url\":\"https:\\\/\\\/onpacehospitality.com\\\/ca\\\/cookies-policy\",\"name\":\"Pol\u00edtica de cookies - OnPace Hospitality\",\"isPartOf\":{\"@id\":\"https:\\\/\\\/onpacehospitality.com\\\/ca#website\"},\"datePublished\":\"2024-06-14T16:35:29+00:00\",\"dateModified\":\"2024-07-18T12:33:08+00:00\",\"breadcrumb\":{\"@id\":\"https:\\\/\\\/onpacehospitality.com\\\/ca\\\/cookies-policy#breadcrumb\"},\"inLanguage\":\"ca\",\"potentialAction\":[{\"@type\":\"ReadAction\",\"target\":[\"https:\\\/\\\/onpacehospitality.com\\\/ca\\\/cookies-policy\"]}]},{\"@type\":\"BreadcrumbList\",\"@id\":\"https:\\\/\\\/onpacehospitality.com\\\/ca\\\/cookies-policy#breadcrumb\",\"itemListElement\":[{\"@type\":\"ListItem\",\"position\":1,\"name\":\"Portada\",\"item\":\"https:\\\/\\\/onpacehospitality.com\\\/ca\"},{\"@type\":\"ListItem\",\"position\":2,\"name\":\"Pol\u00edtica de cookies\"}]},{\"@type\":\"WebSite\",\"@id\":\"https:\\\/\\\/onpacehospitality.com\\\/ca#website\",\"url\":\"https:\\\/\\\/onpacehospitality.com\\\/ca\",\"name\":\"OnPace Hospitality\",\"description\":\"We believe in the uniqueness of hospitality to position luxury properties outside the conventional.\",\"publisher\":{\"@id\":\"https:\\\/\\\/onpacehospitality.com\\\/ca#organization\"},\"alternateName\":\"OnPace\",\"potentialAction\":[{\"@type\":\"SearchAction\",\"target\":{\"@type\":\"EntryPoint\",\"urlTemplate\":\"https:\\\/\\\/onpacehospitality.com\\\/ca?s={search_term_string}\"},\"query-input\":{\"@type\":\"PropertyValueSpecification\",\"valueRequired\":true,\"valueName\":\"search_term_string\"}}],\"inLanguage\":\"ca\"},{\"@type\":\"Organization\",\"@id\":\"https:\\\/\\\/onpacehospitality.com\\\/ca#organization\",\"name\":\"OnPace Hospitality\",\"alternateName\":\"OnPace\",\"url\":\"https:\\\/\\\/onpacehospitality.com\\\/ca\",\"logo\":{\"@type\":\"ImageObject\",\"inLanguage\":\"ca\",\"@id\":\"https:\\\/\\\/onpacehospitality.com\\\/ca#\\\/schema\\\/logo\\\/image\\\/\",\"url\":\"https:\\\/\\\/onpacehospitality.com\\\/wp-content\\\/uploads\\\/2024\\\/07\\\/cropped-ONPACE-BLUE-1.png\",\"contentUrl\":\"https:\\\/\\\/onpacehospitality.com\\\/wp-content\\\/uploads\\\/2024\\\/07\\\/cropped-ONPACE-BLUE-1.png\",\"width\":3750,\"height\":867,\"caption\":\"OnPace Hospitality\"},\"image\":{\"@id\":\"https:\\\/\\\/onpacehospitality.com\\\/ca#\\\/schema\\\/logo\\\/image\\\/\"}}]}<\/script>\n<!-- \/ Yoast SEO plugin. -->","yoast_head_json":{"title":"Pol\u00edtica de cookies - OnPace Hospitality","robots":{"index":"noindex","follow":"nofollow"},"og_locale":"ca_ES","og_type":"article","og_title":"Pol\u00edtica de cookies - OnPace Hospitality","og_description":"Pol\u00edtica de cookies En compliment del que es disposa en l&#8217;article 22.2 de la Llei 34\/2002, d&#8217;11 de juliol, de Serveis de la Societat de la Informaci\u00f3 i Comer\u00e7 Electr\u00f2nic, el Titular l&#8217;informa que aquest lloc web utilitza cookies, aix\u00ed com de la seva pol\u00edtica de recollida i el tractament que fa d&#8217;aquestes. QU\u00c8 S\u00d3N ... Read more","og_url":"https:\/\/onpacehospitality.com\/ca\/cookies-policy","og_site_name":"OnPace Hospitality","article_modified_time":"2024-07-18T12:33:08+00:00","og_image":[{"width":1707,"height":2560,"url":"https:\/\/onpacehospitality.com\/wp-content\/uploads\/2024\/05\/pexels-axp-photography-500641970-16428960-scaled.jpg","type":"image\/jpeg"}],"twitter_card":"summary_large_image","twitter_misc":{"Temps estimat de lectura":"2 minuts"},"schema":{"@context":"https:\/\/schema.org","@graph":[{"@type":"WebPage","@id":"https:\/\/onpacehospitality.com\/ca\/cookies-policy","url":"https:\/\/onpacehospitality.com\/ca\/cookies-policy","name":"Pol\u00edtica de cookies - OnPace Hospitality","isPartOf":{"@id":"https:\/\/onpacehospitality.com\/ca#website"},"datePublished":"2024-06-14T16:35:29+00:00","dateModified":"2024-07-18T12:33:08+00:00","breadcrumb":{"@id":"https:\/\/onpacehospitality.com\/ca\/cookies-policy#breadcrumb"},"inLanguage":"ca","potentialAction":[{"@type":"ReadAction","target":["https:\/\/onpacehospitality.com\/ca\/cookies-policy"]}]},{"@type":"BreadcrumbList","@id":"https:\/\/onpacehospitality.com\/ca\/cookies-policy#breadcrumb","itemListElement":[{"@type":"ListItem","position":1,"name":"Portada","item":"https:\/\/onpacehospitality.com\/ca"},{"@type":"ListItem","position":2,"name":"Pol\u00edtica de cookies"}]},{"@type":"WebSite","@id":"https:\/\/onpacehospitality.com\/ca#website","url":"https:\/\/onpacehospitality.com\/ca","name":"OnPace Hospitality","description":"We believe in the uniqueness of hospitality to position luxury properties outside the conventional.","publisher":{"@id":"https:\/\/onpacehospitality.com\/ca#organization"},"alternateName":"OnPace","potentialAction":[{"@type":"SearchAction","target":{"@type":"EntryPoint","urlTemplate":"https:\/\/onpacehospitality.com\/ca?s={search_term_string}"},"query-input":{"@type":"PropertyValueSpecification","valueRequired":true,"valueName":"search_term_string"}}],"inLanguage":"ca"},{"@type":"Organization","@id":"https:\/\/onpacehospitality.com\/ca#organization","name":"OnPace Hospitality","alternateName":"OnPace","url":"https:\/\/onpacehospitality.com\/ca","logo":{"@type":"ImageObject","inLanguage":"ca","@id":"https:\/\/onpacehospitality.com\/ca#\/schema\/logo\/image\/","url":"https:\/\/onpacehospitality.com\/wp-content\/uploads\/2024\/07\/cropped-ONPACE-BLUE-1.png","contentUrl":"https:\/\/onpacehospitality.com\/wp-content\/uploads\/2024\/07\/cropped-ONPACE-BLUE-1.png","width":3750,"height":867,"caption":"OnPace Hospitality"},"image":{"@id":"https:\/\/onpacehospitality.com\/ca#\/schema\/logo\/image\/"}}]}},"_links":{"self":[{"href":"https:\/\/onpacehospitality.com\/ca\/wp-json\/wp\/v2\/pages\/2472","targetHints":{"allow":["GET"]}}],"collection":[{"href":"https:\/\/onpacehospitality.com\/ca\/wp-json\/wp\/v2\/pages"}],"about":[{"href":"https:\/\/onpacehospitality.com\/ca\/wp-json\/wp\/v2\/types\/page"}],"author":[{"embeddable":true,"href":"https:\/\/onpacehospitality.com\/ca\/wp-json\/wp\/v2\/users\/1"}],"replies":[{"embeddable":true,"href":"https:\/\/onpacehospitality.com\/ca\/wp-json\/wp\/v2\/comments?post=2472"}],"version-history":[{"count":2,"href":"https:\/\/onpacehospitality.com\/ca\/wp-json\/wp\/v2\/pages\/2472\/revisions"}],"predecessor-version":[{"id":2628,"href":"https:\/\/onpacehospitality.com\/ca\/wp-json\/wp\/v2\/pages\/2472\/revisions\/2628"}],"wp:attachment":[{"href":"https:\/\/onpacehospitality.com\/ca\/wp-json\/wp\/v2\/media?parent=2472"}],"curies":[{"name":"wp","href":"https:\/\/api.w.org\/{rel}","templated":true}]}}